{"id":8371,"date":"2020-05-12T10:09:41","date_gmt":"2020-05-12T08:09:41","guid":{"rendered":"https:\/\/www.gesisa.net\/nuestra-historia-2\/"},"modified":"2021-06-28T13:30:52","modified_gmt":"2021-06-28T11:30:52","slug":"notre-histoire","status":"publish","type":"page","link":"https:\/\/www.gesisa.net\/fr\/notre-histoire\/","title":{"rendered":"Notre Histoire"},"content":{"rendered":"\t\t<div data-elementor-type=\"wp-page\" data-elementor-id=\"8371\" class=\"elementor elementor-8371 elementor-55\">\n\t\t\t\t\t\t<section class=\"elementor-section elementor-top-section elementor-element elementor-element-6fe2d9e elementor-section-boxed elementor-section-height-default elementor-section-height-default\" data-id=\"6fe2d9e\" data-element_type=\"section\" data-settings=\"{&quot;background_background&quot;:&quot;classic&quot;}\">\n\t\t\t\t\t\t\t<div class=\"elementor-background-overlay\"><\/div>\n\t\t\t\t\t\t\t<div class=\"elementor-container elementor-column-gap-default\">\n\t\t\t\t\t<div class=\"elementor-column elementor-col-100 elementor-top-column elementor-element elementor-element-78faeab\" data-id=\"78faeab\" data-element_type=\"column\">\n\t\t\t<div class=\"elementor-widget-wrap elementor-element-populated\">\n\t\t\t\t\t\t<div class=\"elementor-element elementor-element-5a997a9 elementor-widget elementor-widget-heading\" data-id=\"5a997a9\" data-element_type=\"widget\" data-widget_type=\"heading.default\">\n\t\t\t\t<div class=\"elementor-widget-container\">\n\t\t\t\t\t<h1 class=\"elementor-heading-title elementor-size-default\">Notre Histoire<\/h1>\t\t\t\t<\/div>\n\t\t\t\t<\/div>\n\t\t\t\t<div class=\"elementor-element elementor-element-8440e14 miga elementor-widget elementor-widget-shortcode\" data-id=\"8440e14\" data-element_type=\"widget\" data-widget_type=\"shortcode.default\">\n\t\t\t\t<div class=\"elementor-widget-container\">\n\t\t\t\t\t\t\t<div class=\"elementor-shortcode\"><nav aria-label=\"breadcrumbs\" class=\"rank-math-breadcrumb\"><p><span class=\"last\">Home<\/span><\/p><\/nav><\/div>\n\t\t\t\t\t\t<\/div>\n\t\t\t\t<\/div>\n\t\t\t\t\t<\/div>\n\t\t<\/div>\n\t\t\t\t\t<\/div>\n\t\t<\/section>\n\t\t\t\t<main class=\"elementor-section elementor-top-section elementor-element elementor-element-7b9c7f4a elementor-section-boxed elementor-section-height-default elementor-section-height-default\" data-id=\"7b9c7f4a\" data-element_type=\"section\" data-settings=\"{&quot;background_background&quot;:&quot;classic&quot;}\">\n\t\t\t\t\t\t<div class=\"elementor-container elementor-column-gap-default\">\n\t\t\t\t\t<div class=\"elementor-column elementor-col-100 elementor-top-column elementor-element elementor-element-79830836\" data-id=\"79830836\" data-element_type=\"column\">\n\t\t\t<div class=\"elementor-widget-wrap elementor-element-populated\">\n\t\t\t\t\t\t<div class=\"elementor-element elementor-element-3907cff7 uael-timeline-arrow-top uael-timeline-responsive-mobile timeline uael-timeline--center elementor-widget elementor-widget-uael-timeline\" data-id=\"3907cff7\" data-element_type=\"widget\" data-widget_type=\"uael-timeline.default\">\n\t\t\t\t<div class=\"elementor-widget-container\">\n\t\t\t\t\t<div class=\"uael-timeline-wrapper uael-timeline-node\">\n\t\n\t<div class=\"uael-timeline-shadow-yes uael-timeline-main\">\n\t\t<div class=\"uael-days\">\n\t\t\t\t\t\t\t\t\t\t\t\t<div class=\"elementor-repeater-item-90e2c50 uael-timeline-field animate-border out-view\">\n\t\t\t\t\t\t<div class=\"uael-timeline-widget uael-timeline-right\">\n\t\t\t\t\t\t\t<div class=\"uael-timeline-marker\">\n\t\t\t\t\t\t\t\t<span class=\"timeline-icon-new out-view-timeline-icon\">\n\t\t\t\t\t\t\t\t\t<i aria-hidden=\"true\" class=\"fa fa-calendar\"><\/i>\t\t\t\t\t\t\t\t<\/span>\n\t\t\t\t\t\t\t<\/div>\n\n\t\t\t\t\t\t\t<div class=\"uael-day-new uael-day-right\">\n\t\t\t\t\t\t\t\t<div class=\"uael-events-new\">\n\t\t\t\t\t\t\t\t\t\t\t\t\t\t\t\t\t\t<div class=\"uael-events-inner-new\">\n\t\t\t\t\t\t\t\t\t\t\t\t\t\t\t\t\t\t\t\t\t<div class=\"uael-timeline-date-hide uael-date-inner\"><div class=\"inner-date-new\"><p >1969<\/p><\/div>\n\t\t\t\t\t\t\t\t\t\t\t<\/div>\n\t\t\t\t\t\t\t\t\t\t\t\t\t\t\t\t\t\t\t\t<div class=\"uael-content\">\n\t\t\t\t\t\t\t\t\t\t\t\t\t\t\t\t\t\t\t\t\t\t\t\t\t\t\t\t\t\t\t\t\t\t\t\t\t\t\t\t\t\t\t\t\t\t\t\t\t\t\t\t\t\t\t\t\t\t\t\t\t\t\t\t\t\t\t<div class=\"uael-timeline-desc-content\"> <h2>GESISA est n\u00e9<\/h2><p><img fetchpriority=\"high\" decoding=\"async\" class=\"alignnone wp-image-5316 size-full\" src=\"https:\/\/www.gesisa.net\/wp-content\/uploads\/2020\/02\/1969-350px.jpg\" alt=\"IBM\" width=\"350\" height=\"298\" srcset=\"https:\/\/www.gesisa.net\/wp-content\/uploads\/2020\/02\/1969-350px.jpg 350w, https:\/\/www.gesisa.net\/wp-content\/uploads\/2020\/02\/1969-350px-300x255.jpg 300w\" sizes=\"(max-width: 350px) 100vw, 350px\" \/><\/p><p>GESISA est n\u00e9 en 1969 en tant que Cabinet d&rsquo;\u00c9tudes et de Services Informatiques, dans le but de fournir les services de programmation informatique que le d\u00e9butant, alors, IBM fournissait aux entreprises catalanes.<\/p><p>Cette m\u00eame ann\u00e9e, IBM avait pr\u00e9sent\u00e9 son premier ordinateur orient\u00e9 vers le secteur des PME, le Syst\u00e8me 3, avec lequel il voulait faire arriver les syst\u00e8mes de traitement de donn\u00e9es, comme nous les appelions alors, \u00e0 ce secteur si nombreux.<\/p><p>La relation directe avec le principal fabricant du march\u00e9 \u00e0 cette \u00e9poque permet \u00e0 GESISA de se positionner comme l&rsquo;un des principaux fournisseurs de services d&rsquo;analyse et de programmation informatique sur le march\u00e9, en \u00e9tant l&rsquo;un des promoteurs de l\u2019introduction de l&rsquo;informatique dans l&rsquo;entreprise catalane. Exceptionnelle \u00e0 cette \u00e9poque, sa participation \u00e0 des projets de mise en \u0153uvre de syst\u00e8mes de facturation informatis\u00e9s et de contr\u00f4le de la production chez OLIMPIC BENITEZ, SA, entreprise du secteur textile \u00e0 Barcelone et Matar\u00f3, ainsi qu&rsquo;\u00e0 la fin de la d\u00e9cennie, sa participation \u00e0 des projets pour moderniser les processus de gestion et d&rsquo;administration chez LABORATORIOS INIBSA puis ACEROS BOIXAREU, SA, une entreprise du secteur m\u00e9tallurgique avec une longue tradition en Catalogne.<\/p><\/div>\n\t\t\t\t\t\t\t\t\t\t\t\t\t\t\t\t\t\t\t\t\t\t\t\t\t\t\t\t\t\t\t\t<\/div>\n\t\t\t\t\t\t\t\t\t\t\t\t\t\t\t\t\t\t\t\t\t\t\t<div class=\"uael-timeline-arrow\"><\/div>\n\t\t\t\t\t\t\t\t\t\t\t\t\t\t\t\t\t\t\t\t<\/div>\n\t\t\t\t\t\t\t\t\t\t\t\t\t\t\t\t\t<\/div>\n\t\t\t\t\t\t\t<\/div>\n\t\t\t\t\t\t\t\t\t\t\t\t\t\t\t<div class=\"uael-timeline-date-new\">\n\t\t\t\t\t\t\t\t\t<div class=\"uael-date-new\"><div class=\"inner-date-new\"><div >1969<\/div><\/div>\n\t\t\t\t\t\t\t\t\t<\/div>\n\t\t\t\t\t\t\t\t<\/div>\n\t\t\t\t\t\t\t\t\t\t\t\t\t<\/div>\n\t\t\t\t\t<\/div>\n\t\t\t\t\t\t\t\t\t\t\t\t\t\t\t\t\t<div class=\"elementor-repeater-item-001db6f uael-timeline-field animate-border out-view\">\n\t\t\t\t\t\t<div class=\"uael-timeline-widget uael-timeline-left\">\n\t\t\t\t\t\t\t<div class=\"uael-timeline-marker\">\n\t\t\t\t\t\t\t\t<span class=\"timeline-icon-new out-view-timeline-icon\">\n\t\t\t\t\t\t\t\t\t<i aria-hidden=\"true\" class=\"fa fa-calendar\"><\/i>\t\t\t\t\t\t\t\t<\/span>\n\t\t\t\t\t\t\t<\/div>\n\n\t\t\t\t\t\t\t<div class=\"uael-day-new uael-day-left\">\n\t\t\t\t\t\t\t\t<div class=\"uael-events-new\">\n\t\t\t\t\t\t\t\t\t\t\t\t\t\t\t\t\t\t<div class=\"uael-events-inner-new\">\n\t\t\t\t\t\t\t\t\t\t\t\t\t\t\t\t\t\t\t\t\t<div class=\"uael-timeline-date-hide uael-date-inner\"><div class=\"inner-date-new\"><p >1980<\/p><\/div>\n\t\t\t\t\t\t\t\t\t\t\t<\/div>\n\t\t\t\t\t\t\t\t\t\t\t\t\t\t\t\t\t\t\t\t<div class=\"uael-content\">\n\t\t\t\t\t\t\t\t\t\t\t\t\t\t\t\t\t\t\t\t\t\t\t\t\t\t\t\t\t\t\t\t\t\t\t\t\t\t\t\t\t\t\t\t\t\t\t\t\t\t\t\t\t\t\t\t\t\t\t\t\t\t\t\t\t\t\t<div class=\"uael-timeline-desc-content\"> <h2>\u00a0GESISA est sp\u00e9cialis\u00e9e dans le d\u00e9veloppement de solutions dans l&rsquo;environnement IBM S\/38<\/h2><p><img decoding=\"async\" class=\"alignnone wp-image-5339 size-full\" src=\"https:\/\/www.gesisa.net\/wp-content\/uploads\/2020\/02\/1980-350px.jpg\" alt=\"Ordenador IBM 3\" width=\"350\" height=\"276\" srcset=\"https:\/\/www.gesisa.net\/wp-content\/uploads\/2020\/02\/1980-350px.jpg 350w, https:\/\/www.gesisa.net\/wp-content\/uploads\/2020\/02\/1980-350px-300x237.jpg 300w\" sizes=\"(max-width: 350px) 100vw, 350px\" \/><\/p><p>A la fin des ann\u00e9es 70, GESISA s&rsquo;est sp\u00e9cialis\u00e9e dans le d\u00e9veloppement de solutions dans l&rsquo;environnement IBM S\/38 et au d\u00e9but des ann\u00e9es 80, notamment avec l&rsquo;incorporation du PC IBM, il commence une phase de grande croissance, dans laquelle les deux domaines o\u00f9 nous nous sp\u00e9cialisons, celui correspondant aux syst\u00e8mes moyen d&rsquo;IBM, le fameux S\/3X, et la micro-informatique orient\u00e9e vers le d\u00e9veloppement d&rsquo;applications dans l&rsquo;environnement PC, se d\u00e9veloppent en parall\u00e8le et d&rsquo;une mani\u00e8re coh\u00e9rente avec la croissance du march\u00e9. \u00c0 cette \u00e9poque, GESISA est devenu leader sur le march\u00e9 des applications de gestion comptable et de facturation pour les petites et moyennes entreprises.<\/p><p>\u00c0 la fin des ann\u00e9es 80, GESISA a entam\u00e9 un processus de transformation conforme aux tendances g\u00e9n\u00e9rales du march\u00e9, afin d&rsquo;incorporer dans son portefeuille des solutions technologiques d&rsquo;autres fabricants qui ajoutent de la valeur \u00e0 ses clients. L&rsquo;apparition de MicroSoft Windows 3.11 et la pr\u00e9sentation de l&rsquo;AS400 par IBM, ouvre une nouvelle \u00e9tape dans l&rsquo;architecture des syst\u00e8mes qui permet l&rsquo;int\u00e9gration des deux mondes, et donc GESISA compl\u00e8te ses solutions avec des outils qui la facilitent. C&rsquo;est ainsi que les syst\u00e8mes de traitement d&rsquo;image int\u00e9gr\u00e9s \u00e0 AS400, METAVIEW et l&rsquo;outil d&rsquo;int\u00e9gration de base de donn\u00e9es AS400 avec des feuilles de calcul MS Excel, SHOWCASE, apparaissent dans son catalogue.<\/p><\/div>\n\t\t\t\t\t\t\t\t\t\t\t\t\t\t\t\t\t\t\t\t\t\t\t\t\t\t\t\t\t\t\t\t<\/div>\n\t\t\t\t\t\t\t\t\t\t\t\t\t\t\t\t\t\t\t\t\t\t\t<div class=\"uael-timeline-arrow\"><\/div>\n\t\t\t\t\t\t\t\t\t\t\t\t\t\t\t\t\t\t\t\t<\/div>\n\t\t\t\t\t\t\t\t\t\t\t\t\t\t\t\t\t<\/div>\n\t\t\t\t\t\t\t<\/div>\n\t\t\t\t\t\t\t\t\t\t\t\t\t\t\t<div class=\"uael-timeline-date-new\">\n\t\t\t\t\t\t\t\t\t<div class=\"uael-date-new\"><div class=\"inner-date-new\"><div >1980<\/div><\/div>\n\t\t\t\t\t\t\t\t\t<\/div>\n\t\t\t\t\t\t\t\t<\/div>\n\t\t\t\t\t\t\t\t\t\t\t\t\t<\/div>\n\t\t\t\t\t<\/div>\n\t\t\t\t\t\t\t\t\t\t\t\t\t\t\t\t\t<div class=\"elementor-repeater-item-315c1e5 uael-timeline-field animate-border out-view\">\n\t\t\t\t\t\t<div class=\"uael-timeline-widget uael-timeline-right\">\n\t\t\t\t\t\t\t<div class=\"uael-timeline-marker\">\n\t\t\t\t\t\t\t\t<span class=\"timeline-icon-new out-view-timeline-icon\">\n\t\t\t\t\t\t\t\t\t<i aria-hidden=\"true\" class=\"fa fa-calendar\"><\/i>\t\t\t\t\t\t\t\t<\/span>\n\t\t\t\t\t\t\t<\/div>\n\n\t\t\t\t\t\t\t<div class=\"uael-day-new uael-day-right\">\n\t\t\t\t\t\t\t\t<div class=\"uael-events-new\">\n\t\t\t\t\t\t\t\t\t\t\t\t\t\t\t\t\t\t<div class=\"uael-events-inner-new\">\n\t\t\t\t\t\t\t\t\t\t\t\t\t\t\t\t\t\t\t\t\t<div class=\"uael-timeline-date-hide uael-date-inner\"><div class=\"inner-date-new\"><p >1990<\/p><\/div>\n\t\t\t\t\t\t\t\t\t\t\t<\/div>\n\t\t\t\t\t\t\t\t\t\t\t\t\t\t\t\t\t\t\t\t<div class=\"uael-content\">\n\t\t\t\t\t\t\t\t\t\t\t\t\t\t\t\t\t\t\t\t\t\t\t\t\t\t\t\t\t\t\t\t\t\t\t\t\t\t\t\t\t\t\t\t\t\t\t\t\t\t\t\t\t\t\t\t\t\t\t\t\t\t\t\t\t\t\t<div class=\"uael-timeline-desc-content\"> <h2>GESISA fournit des services GI2 et conclut un accord avec HP et Microsoft<\/h2><p><img decoding=\"async\" class=\"alignnone wp-image-5357 size-full\" src=\"https:\/\/www.gesisa.net\/wp-content\/uploads\/2020\/02\/1990-350px.png\" alt=\"Infograf\u00eda TCP\/IP\" width=\"350\" height=\"340\" srcset=\"https:\/\/www.gesisa.net\/wp-content\/uploads\/2020\/02\/1990-350px.png 350w, https:\/\/www.gesisa.net\/wp-content\/uploads\/2020\/02\/1990-350px-300x291.png 300w\" sizes=\"(max-width: 350px) 100vw, 350px\" \/><\/p><p>Cette tendance se confirme apr\u00e8s les Jeux Olympiques du 92, avec une profonde transformation dans laquelle l&rsquo;offre de services de programmation est compl\u00e9t\u00e9e par celles de conception, d&rsquo;installation et de gestion des infrastructures informatiques sur lesquelles s&rsquo;ex\u00e9cutent les applications. A partir de ce moment, l&rsquo;offre de GESISA comprend tous les \u00e9l\u00e9ments n\u00e9cessaires pour pouvoir proposer les meilleures solutions et surtout permettre \u00e0 ses clients d&rsquo;utiliser des syst\u00e8mes informatiques au co\u00fbt de possession le plus bas possible.<\/p><p>Toutes les solutions GESISA sont con\u00e7ues pour garantir des co\u00fbts d&rsquo;exploitation minimaux, et pour cette raison, elle est \u00e9quip\u00e9e d&rsquo;une \u00e9quipe de sp\u00e9cialistes dans l&rsquo;installation, le d\u00e9marrage, la maintenance et l&rsquo;administration des syst\u00e8mes, avec lesquels les soi-disant services GI2 sont fournis (IT Management).<\/p><p>La formalisation des accords de partenariat avec Microsoft et HP, en maintenant la relation historique avec IBM, a fait de GESISA une entreprise avec des supports technologiques solides, avec lesquels proposer une large gamme de solutions. Atteindre les plus hauts niveaux de certification dans les derni\u00e8res technologies de virtualisation, de monitorage, de r\u00e9plication et de gestion automatis\u00e9e avec les leaders du secteur, Vmware et Veeam, a mis \u00e0 jour et compl\u00e9t\u00e9 l&rsquo;offre de solutions de GESISA.<\/p><\/div>\n\t\t\t\t\t\t\t\t\t\t\t\t\t\t\t\t\t\t\t\t\t\t\t\t\t\t\t\t\t\t\t\t<\/div>\n\t\t\t\t\t\t\t\t\t\t\t\t\t\t\t\t\t\t\t\t\t\t\t<div class=\"uael-timeline-arrow\"><\/div>\n\t\t\t\t\t\t\t\t\t\t\t\t\t\t\t\t\t\t\t\t<\/div>\n\t\t\t\t\t\t\t\t\t\t\t\t\t\t\t\t\t<\/div>\n\t\t\t\t\t\t\t<\/div>\n\t\t\t\t\t\t\t\t\t\t\t\t\t\t\t<div class=\"uael-timeline-date-new\">\n\t\t\t\t\t\t\t\t\t<div class=\"uael-date-new\"><div class=\"inner-date-new\"><div >1990<\/div><\/div>\n\t\t\t\t\t\t\t\t\t<\/div>\n\t\t\t\t\t\t\t\t<\/div>\n\t\t\t\t\t\t\t\t\t\t\t\t\t<\/div>\n\t\t\t\t\t<\/div>\n\t\t\t\t\t\t\t\t\t\t\t\t\t\t\t\t\t<div class=\"elementor-repeater-item-15f2754 uael-timeline-field animate-border out-view\">\n\t\t\t\t\t\t<div class=\"uael-timeline-widget uael-timeline-left\">\n\t\t\t\t\t\t\t<div class=\"uael-timeline-marker\">\n\t\t\t\t\t\t\t\t<span class=\"timeline-icon-new out-view-timeline-icon\">\n\t\t\t\t\t\t\t\t\t<i aria-hidden=\"true\" class=\"fa fa-calendar\"><\/i>\t\t\t\t\t\t\t\t<\/span>\n\t\t\t\t\t\t\t<\/div>\n\n\t\t\t\t\t\t\t<div class=\"uael-day-new uael-day-left\">\n\t\t\t\t\t\t\t\t<div class=\"uael-events-new\">\n\t\t\t\t\t\t\t\t\t\t\t\t\t\t\t\t\t\t<div class=\"uael-events-inner-new\">\n\t\t\t\t\t\t\t\t\t\t\t\t\t\t\t\t\t\t\t\t\t<div class=\"uael-timeline-date-hide uael-date-inner\"><div class=\"inner-date-new\"><p >2000<\/p><\/div>\n\t\t\t\t\t\t\t\t\t\t\t<\/div>\n\t\t\t\t\t\t\t\t\t\t\t\t\t\t\t\t\t\t\t\t<div class=\"uael-content\">\n\t\t\t\t\t\t\t\t\t\t\t\t\t\t\t\t\t\t\t\t\t\t\t\t\t\t\t\t\t\t\t\t\t\t\t\t\t\t\t\t\t\t\t\t\t\t\t\t\t\t\t\t\t\t\t\t\t\t\t\t\t\t\t\t\t\t\t<div class=\"uael-timeline-desc-content\"> <h2>GESISA est sp\u00e9cialis\u00e9e dans le d\u00e9veloppement d\u2019applications collat\u00e9rales aux ERP et CRM<\/h2><p><img loading=\"lazy\" decoding=\"async\" class=\"alignnone wp-image-5361 size-full\" src=\"https:\/\/www.gesisa.net\/wp-content\/uploads\/2020\/02\/2000-350px.jpg\" alt=\" Blackberry\" width=\"350\" height=\"449\" srcset=\"https:\/\/www.gesisa.net\/wp-content\/uploads\/2020\/02\/2000-350px.jpg 350w, https:\/\/www.gesisa.net\/wp-content\/uploads\/2020\/02\/2000-350px-234x300.jpg 234w\" sizes=\"(max-width: 350px) 100vw, 350px\" \/><\/p><p>Apr\u00e8s la profonde transformation qui s&rsquo;op\u00e8re dans les entreprises d\u00fb \u00e0 l&rsquo;effet dit 2000, l&rsquo;apparition d&rsquo;Internet et la structuration des r\u00e9seaux locaux dans l&rsquo;entreprise, nous arrivons au r\u00eave exprim\u00e9 par Bill Gates en 1980 d&rsquo;un ordinateur \u00e0 chaque poste de travail. GESISA est structur\u00e9e pour offrir des services de gestion de ces infrastructures et d\u00e9veloppe la m\u00e9thodologie ITIL avec laquelle elle met en \u0153uvre les services innovants de Gestion des Infrastructures Informatiques (GI2), qui sont bas\u00e9s sur l&rsquo;utilisation intensive des services de r\u00e9pertoire actif et la gestion des politiques de l\u2019innovateur serveur Windows 2000.<\/p><p>La mise en place chez nos clients des ERP de SAP, MOVEX, BAAN, PG \/ 400, AXAPTA, &#8230; nous permet de sp\u00e9cialiser notre \u00e9quipe dans le d\u00e9veloppement et la mise en \u0153uvre d&rsquo;applications collat\u00e9rales \u00e0 ceux-ci. Des applications de gestion commerciale, CRM, outils de gestion de la production, gestion de la cha\u00eene d&rsquo;approvisionnement, SCM, qui compl\u00e8tent les fonctionnalit\u00e9s de ceux avec des solutions sp\u00e9cifiques et sur mesure, adapt\u00e9es aux besoins de nos clients.<\/p><p>De nouvelles fonctionnalit\u00e9s sont requises par nos clients, gestion des sorties, analyse des donn\u00e9es, Business Intelligence, application web, application mobile., qui n\u00e9cessitent des nouveaux syst\u00e8mes, des nouveaux outils, des nouveaux partenaires<\/p><\/div>\n\t\t\t\t\t\t\t\t\t\t\t\t\t\t\t\t\t\t\t\t\t\t\t\t\t\t\t\t\t\t\t\t<\/div>\n\t\t\t\t\t\t\t\t\t\t\t\t\t\t\t\t\t\t\t\t\t\t\t<div class=\"uael-timeline-arrow\"><\/div>\n\t\t\t\t\t\t\t\t\t\t\t\t\t\t\t\t\t\t\t\t<\/div>\n\t\t\t\t\t\t\t\t\t\t\t\t\t\t\t\t\t<\/div>\n\t\t\t\t\t\t\t<\/div>\n\t\t\t\t\t\t\t\t\t\t\t\t\t\t\t<div class=\"uael-timeline-date-new\">\n\t\t\t\t\t\t\t\t\t<div class=\"uael-date-new\"><div class=\"inner-date-new\"><div >2000<\/div><\/div>\n\t\t\t\t\t\t\t\t\t<\/div>\n\t\t\t\t\t\t\t\t<\/div>\n\t\t\t\t\t\t\t\t\t\t\t\t\t<\/div>\n\t\t\t\t\t<\/div>\n\t\t\t\t\t\t\t\t\t\t\t\t\t\t\t\t\t<div class=\"elementor-repeater-item-790f002 uael-timeline-field animate-border out-view\">\n\t\t\t\t\t\t<div class=\"uael-timeline-widget uael-timeline-right\">\n\t\t\t\t\t\t\t<div class=\"uael-timeline-marker\">\n\t\t\t\t\t\t\t\t<span class=\"timeline-icon-new out-view-timeline-icon\">\n\t\t\t\t\t\t\t\t\t<i aria-hidden=\"true\" class=\"fa fa-calendar\"><\/i>\t\t\t\t\t\t\t\t<\/span>\n\t\t\t\t\t\t\t<\/div>\n\n\t\t\t\t\t\t\t<div class=\"uael-day-new uael-day-right\">\n\t\t\t\t\t\t\t\t<div class=\"uael-events-new\">\n\t\t\t\t\t\t\t\t\t\t\t\t\t\t\t\t\t\t<div class=\"uael-events-inner-new\">\n\t\t\t\t\t\t\t\t\t\t\t\t\t\t\t\t\t\t\t\t\t<div class=\"uael-timeline-date-hide uael-date-inner\"><div class=\"inner-date-new\"><p >2010<\/p><\/div>\n\t\t\t\t\t\t\t\t\t\t\t<\/div>\n\t\t\t\t\t\t\t\t\t\t\t\t\t\t\t\t\t\t\t\t<div class=\"uael-content\">\n\t\t\t\t\t\t\t\t\t\t\t\t\t\t\t\t\t\t\t\t\t\t\t\t\t\t\t\t\t\t\t\t\t\t\t\t\t\t\t\t\t\t\t\t\t\t\t\t\t\t\t\t\t\t\t\t\t\t\t\t\t\t\t\t\t\t\t<div class=\"uael-timeline-desc-content\"> <h2>GESISA propose des services Cloud et lance les premi\u00e8res plateformes digitales<\/h2><p><img loading=\"lazy\" decoding=\"async\" class=\"alignnone wp-image-5365 size-full\" src=\"https:\/\/www.gesisa.net\/wp-content\/uploads\/2020\/02\/2010-350px.jpg\" alt=\"PuenteSII - Puente SILICIE\" width=\"350\" height=\"388\" srcset=\"https:\/\/www.gesisa.net\/wp-content\/uploads\/2020\/02\/2010-350px.jpg 350w, https:\/\/www.gesisa.net\/wp-content\/uploads\/2020\/02\/2010-350px-271x300.jpg 271w\" sizes=\"(max-width: 350px) 100vw, 350px\" \/><\/p><p>Nous survivons avec succ\u00e8s \u00e0 la crise et nous aidons \u00e9galement nos clients \u00e0 la surmonter, en automatisant les processus, en r\u00e9duisant les co\u00fbts et en les aidant \u00e0 se transformer en entreprises plus comp\u00e9titives. Avec la mise en place de services cloud, nos clients ont r\u00e9ussi \u00e0 optimiser les co\u00fbts et \u00e0 d\u00e9marrer les processus de la transformation num\u00e9rique tant attendue.<\/p><p>\u00c0 partir de 2017, nous avons sign\u00e9 une collaboration avec l\u2019Agence nationale de l&rsquo;administration fiscale espagnole (AEAT), avec l&rsquo;Agence fiscale canarienne et les Agences fiscales d&rsquo;Alava, Guip\u00fazcoa, Navarre et Gascogne, avec lesquelles nous avons commenc\u00e9 \u00e0 fournir des services informatiques pour envoyer des donn\u00e9es \u00e0 ces agences au nom de nos clients, et nous impl\u00e9mentons les plateformes digitales\u00a0PuenteSII et PuenteSilicie.<\/p><\/div>\n\t\t\t\t\t\t\t\t\t\t\t\t\t\t\t\t\t\t\t\t\t\t\t\t\t\t\t\t\t\t\t\t<\/div>\n\t\t\t\t\t\t\t\t\t\t\t\t\t\t\t\t\t\t\t\t\t\t\t<div class=\"uael-timeline-arrow\"><\/div>\n\t\t\t\t\t\t\t\t\t\t\t\t\t\t\t\t\t\t\t\t<\/div>\n\t\t\t\t\t\t\t\t\t\t\t\t\t\t\t\t\t<\/div>\n\t\t\t\t\t\t\t<\/div>\n\t\t\t\t\t\t\t\t\t\t\t\t\t\t\t<div class=\"uael-timeline-date-new\">\n\t\t\t\t\t\t\t\t\t<div class=\"uael-date-new\"><div class=\"inner-date-new\"><div >2010<\/div><\/div>\n\t\t\t\t\t\t\t\t\t<\/div>\n\t\t\t\t\t\t\t\t<\/div>\n\t\t\t\t\t\t\t\t\t\t\t\t\t<\/div>\n\t\t\t\t\t<\/div>\n\t\t\t\t\t\t\t\t\t\t\t\t\t\t\t\t\t<div class=\"elementor-repeater-item-0c307f6 uael-timeline-field animate-border out-view\">\n\t\t\t\t\t\t<div class=\"uael-timeline-widget uael-timeline-left\">\n\t\t\t\t\t\t\t<div class=\"uael-timeline-marker\">\n\t\t\t\t\t\t\t\t<span class=\"timeline-icon-new out-view-timeline-icon\">\n\t\t\t\t\t\t\t\t\t<i aria-hidden=\"true\" class=\"fa fa-calendar\"><\/i>\t\t\t\t\t\t\t\t<\/span>\n\t\t\t\t\t\t\t<\/div>\n\n\t\t\t\t\t\t\t<div class=\"uael-day-new uael-day-left\">\n\t\t\t\t\t\t\t\t<div class=\"uael-events-new\">\n\t\t\t\t\t\t\t\t\t\t\t\t\t\t\t\t\t\t<div class=\"uael-events-inner-new\">\n\t\t\t\t\t\t\t\t\t\t\t\t\t\t\t\t\t\t\t\t\t<div class=\"uael-timeline-date-hide uael-date-inner\"><div class=\"inner-date-new\"><p >2020<\/p><\/div>\n\t\t\t\t\t\t\t\t\t\t\t<\/div>\n\t\t\t\t\t\t\t\t\t\t\t\t\t\t\t\t\t\t\t\t<div class=\"uael-content\">\n\t\t\t\t\t\t\t\t\t\t\t\t\t\t\t\t\t\t\t\t\t\t\t\t\t\t\t\t\t\t\t\t\t\t\t\t\t\t\t\t\t\t\t\t\t\t\t\t\t\t\t\t\t\t\t\t\t\t\t\t\t\t\t\t\t\t\t<div class=\"uael-timeline-desc-content\"> <h2>Pr\u00eat pour la nouvelle d\u00e9cennie<\/h2><p><img loading=\"lazy\" decoding=\"async\" class=\"alignnone size-full wp-image-7108\" src=\"https:\/\/www.gesisa.net\/wp-content\/uploads\/2020\/02\/gesisa-50anys-innovant-mobil.png\" alt=\"D\u00e9veloppement de logiciels sur mesure pour les entreprises - GESISA\" width=\"600\" height=\"554\" \/><\/p><p>Nous c\u00e9l\u00e9brons fi\u00e8rement les premiers pas de nos 50 prochaines ann\u00e9es d&rsquo;histoire.<\/p><\/div>\n\t\t\t\t\t\t\t\t\t\t\t\t\t\t\t\t\t\t\t\t\t\t\t\t\t\t\t\t\t\t\t\t<\/div>\n\t\t\t\t\t\t\t\t\t\t\t\t\t\t\t\t\t\t\t\t\t\t\t<div class=\"uael-timeline-arrow\"><\/div>\n\t\t\t\t\t\t\t\t\t\t\t\t\t\t\t\t\t\t\t\t<\/div>\n\t\t\t\t\t\t\t\t\t\t\t\t\t\t\t\t\t<\/div>\n\t\t\t\t\t\t\t<\/div>\n\t\t\t\t\t\t\t\t\t\t\t\t\t\t\t<div class=\"uael-timeline-date-new\">\n\t\t\t\t\t\t\t\t\t<div class=\"uael-date-new\"><div class=\"inner-date-new\"><div >2020<\/div><\/div>\n\t\t\t\t\t\t\t\t\t<\/div>\n\t\t\t\t\t\t\t\t<\/div>\n\t\t\t\t\t\t\t\t\t\t\t\t\t<\/div>\n\t\t\t\t\t<\/div>\n\t\t\t\t\t\t\t\t\t\t<\/div>\n\t\t<div class=\"uael-timeline__line\">\n\t\t\t<div class=\"uael-timeline__line__inner\"><\/div>\n\t\t<\/div>\n\t<\/div>\n<\/div>\n\n\t\t\t\t<\/div>\n\t\t\t\t<\/div>\n\t\t\t\t\t<\/div>\n\t\t<\/div>\n\t\t\t\t\t<\/div>\n\t\t<\/main>\n\t\t\t\t<\/div>\n\t\t","protected":false},"excerpt":{"rendered":"<p>Notre Histoire Home 1969 GESISA est n\u00e9 GESISA est n\u00e9 en 1969 en tant que Cabinet d&#8217;\u00c9tudes et de Services Informatiques, dans le but de fournir les services de programmation informatique que le d\u00e9butant, alors, IBM fournissait aux entreprises catalanes. Cette m\u00eame ann\u00e9e, IBM avait pr\u00e9sent\u00e9 son premier ordinateur orient\u00e9 vers le secteur des PME, [&hellip;]<\/p>\n","protected":false},"author":4,"featured_media":0,"parent":0,"menu_order":3,"comment_status":"closed","ping_status":"closed","template":"","meta":{"site-sidebar-layout":"no-sidebar","site-content-layout":"page-builder","ast-site-content-layout":"default","site-content-style":"default","site-sidebar-style":"default","ast-global-header-display":"","ast-banner-title-visibility":"","ast-main-header-display":"","ast-hfb-above-header-display":"","ast-hfb-below-header-display":"","ast-hfb-mobile-header-display":"","site-post-title":"disabled","ast-breadcrumbs-content":"","ast-featured-img":"disabled","footer-sml-layout":"","theme-transparent-header-meta":"enabled","adv-header-id-meta":"","stick-header-meta":"default","header-above-stick-meta":"","header-main-stick-meta":"","header-below-stick-meta":"","astra-migrate-meta-layouts":"default","ast-page-background-enabled":"default","ast-page-background-meta":{"desktop":{"background-color":"","background-image":"","background-repeat":"repeat","background-position":"center center","background-size":"auto","background-attachment":"scroll","background-type":"","background-media":"","overlay-type":"","overlay-color":"","overlay-opacity":"","overlay-gradient":""},"tablet":{"background-color":"","background-image":"","background-repeat":"repeat","background-position":"center center","background-size":"auto","background-attachment":"scroll","background-type":"","background-media":"","overlay-type":"","overlay-color":"","overlay-opacity":"","overlay-gradient":""},"mobile":{"background-color":"","background-image":"","background-repeat":"repeat","background-position":"center center","background-size":"auto","background-attachment":"scroll","background-type":"","background-media":"","overlay-type":"","overlay-color":"","overlay-opacity":"","overlay-gradient":""}},"ast-content-background-meta":{"desktop":{"background-color":"var(--ast-global-color-5)","background-image":"","background-repeat":"repeat","background-position":"center center","background-size":"auto","background-attachment":"scroll","background-type":"","background-media":"","overlay-type":"","overlay-color":"","overlay-opacity":"","overlay-gradient":""},"tablet":{"background-color":"var(--ast-global-color-5)","background-image":"","background-repeat":"repeat","background-position":"center center","background-size":"auto","background-attachment":"scroll","background-type":"","background-media":"","overlay-type":"","overlay-color":"","overlay-opacity":"","overlay-gradient":""},"mobile":{"background-color":"var(--ast-global-color-5)","background-image":"","background-repeat":"repeat","background-position":"center center","background-size":"auto","background-attachment":"scroll","background-type":"","background-media":"","overlay-type":"","overlay-color":"","overlay-opacity":"","overlay-gradient":""}},"footnotes":""},"class_list":["post-8371","page","type-page","status-publish","hentry"],"_links":{"self":[{"href":"https:\/\/www.gesisa.net\/fr\/wp-json\/wp\/v2\/pages\/8371","targetHints":{"allow":["GET"]}}],"collection":[{"href":"https:\/\/www.gesisa.net\/fr\/wp-json\/wp\/v2\/pages"}],"about":[{"href":"https:\/\/www.gesisa.net\/fr\/wp-json\/wp\/v2\/types\/page"}],"author":[{"embeddable":true,"href":"https:\/\/www.gesisa.net\/fr\/wp-json\/wp\/v2\/users\/4"}],"replies":[{"embeddable":true,"href":"https:\/\/www.gesisa.net\/fr\/wp-json\/wp\/v2\/comments?post=8371"}],"version-history":[{"count":0,"href":"https:\/\/www.gesisa.net\/fr\/wp-json\/wp\/v2\/pages\/8371\/revisions"}],"wp:attachment":[{"href":"https:\/\/www.gesisa.net\/fr\/wp-json\/wp\/v2\/media?parent=8371"}],"curies":[{"name":"wp","href":"https:\/\/api.w.org\/{rel}","templated":true}]}}