{"id":7409,"date":"2020-04-26T19:26:33","date_gmt":"2020-04-26T17:26:33","guid":{"rendered":"https:\/\/www.gesisa.net\/la-nostra-historia\/"},"modified":"2020-05-25T11:11:16","modified_gmt":"2020-05-25T09:11:16","slug":"la-nostra-historia","status":"publish","type":"page","link":"https:\/\/www.gesisa.net\/ca\/la-nostra-historia\/","title":{"rendered":"La Nostra Hist\u00f2ria"},"content":{"rendered":"\t\t<div data-elementor-type=\"wp-page\" data-elementor-id=\"7409\" class=\"elementor elementor-7409 elementor-55\">\n\t\t\t\t\t\t<section class=\"elementor-section elementor-top-section elementor-element elementor-element-6fe2d9e elementor-section-boxed elementor-section-height-default elementor-section-height-default\" data-id=\"6fe2d9e\" data-element_type=\"section\" data-settings=\"{&quot;background_background&quot;:&quot;classic&quot;}\">\n\t\t\t\t\t\t\t<div class=\"elementor-background-overlay\"><\/div>\n\t\t\t\t\t\t\t<div class=\"elementor-container elementor-column-gap-default\">\n\t\t\t\t\t<div class=\"elementor-column elementor-col-100 elementor-top-column elementor-element elementor-element-78faeab\" data-id=\"78faeab\" data-element_type=\"column\">\n\t\t\t<div class=\"elementor-widget-wrap elementor-element-populated\">\n\t\t\t\t\t\t<div class=\"elementor-element elementor-element-5a997a9 elementor-widget elementor-widget-heading\" data-id=\"5a997a9\" data-element_type=\"widget\" data-widget_type=\"heading.default\">\n\t\t\t\t<div class=\"elementor-widget-container\">\n\t\t\t\t\t<h1 class=\"elementor-heading-title elementor-size-default\">La Nostra Historia<\/h1>\t\t\t\t<\/div>\n\t\t\t\t<\/div>\n\t\t\t\t<div class=\"elementor-element elementor-element-8440e14 miga elementor-widget elementor-widget-shortcode\" data-id=\"8440e14\" data-element_type=\"widget\" data-widget_type=\"shortcode.default\">\n\t\t\t\t<div class=\"elementor-widget-container\">\n\t\t\t\t\t\t\t<div class=\"elementor-shortcode\"><nav aria-label=\"breadcrumbs\" class=\"rank-math-breadcrumb\"><p><span class=\"last\">Home<\/span><\/p><\/nav><\/div>\n\t\t\t\t\t\t<\/div>\n\t\t\t\t<\/div>\n\t\t\t\t\t<\/div>\n\t\t<\/div>\n\t\t\t\t\t<\/div>\n\t\t<\/section>\n\t\t\t\t<main class=\"elementor-section elementor-top-section elementor-element elementor-element-7b9c7f4a elementor-section-boxed elementor-section-height-default elementor-section-height-default\" data-id=\"7b9c7f4a\" data-element_type=\"section\" data-settings=\"{&quot;background_background&quot;:&quot;classic&quot;}\">\n\t\t\t\t\t\t<div class=\"elementor-container elementor-column-gap-default\">\n\t\t\t\t\t<div class=\"elementor-column elementor-col-100 elementor-top-column elementor-element elementor-element-79830836\" data-id=\"79830836\" data-element_type=\"column\">\n\t\t\t<div class=\"elementor-widget-wrap elementor-element-populated\">\n\t\t\t\t\t\t<div class=\"elementor-element elementor-element-3907cff7 uael-timeline-arrow-top uael-timeline-responsive-mobile timeline uael-timeline--center elementor-widget elementor-widget-uael-timeline\" data-id=\"3907cff7\" data-element_type=\"widget\" data-widget_type=\"uael-timeline.default\">\n\t\t\t\t<div class=\"elementor-widget-container\">\n\t\t\t\t\t<div class=\"uael-timeline-wrapper uael-timeline-node\">\n\t\n\t<div class=\"uael-timeline-shadow-yes uael-timeline-main\">\n\t\t<div class=\"uael-days\">\n\t\t\t\t\t\t\t\t\t\t\t\t<div class=\"elementor-repeater-item-90e2c50 uael-timeline-field animate-border out-view\">\n\t\t\t\t\t\t<div class=\"uael-timeline-widget uael-timeline-right\">\n\t\t\t\t\t\t\t<div class=\"uael-timeline-marker\">\n\t\t\t\t\t\t\t\t<span class=\"timeline-icon-new out-view-timeline-icon\">\n\t\t\t\t\t\t\t\t\t<i aria-hidden=\"true\" class=\"fa fa-calendar\"><\/i>\t\t\t\t\t\t\t\t<\/span>\n\t\t\t\t\t\t\t<\/div>\n\n\t\t\t\t\t\t\t<div class=\"uael-day-new uael-day-right\">\n\t\t\t\t\t\t\t\t<div class=\"uael-events-new\">\n\t\t\t\t\t\t\t\t\t\t\t\t\t\t\t\t\t\t<div class=\"uael-events-inner-new\">\n\t\t\t\t\t\t\t\t\t\t\t\t\t\t\t\t\t\t\t\t\t<div class=\"uael-timeline-date-hide uael-date-inner\"><div class=\"inner-date-new\"><p >1969<\/p><\/div>\n\t\t\t\t\t\t\t\t\t\t\t<\/div>\n\t\t\t\t\t\t\t\t\t\t\t\t\t\t\t\t\t\t\t\t<div class=\"uael-content\">\n\t\t\t\t\t\t\t\t\t\t\t\t\t\t\t\t\t\t\t\t\t\t\t\t\t\t\t\t\t\t\t\t\t\t\t\t\t\t\t\t\t\t\t\t\t\t\t\t\t\t\t\t\t\t\t\t\t\t\t\t\t\t\t\t\t\t\t<div class=\"uael-timeline-desc-content\"> <h2>Neix GESISA<\/h2><p><img fetchpriority=\"high\" decoding=\"async\" class=\"alignnone wp-image-5316 size-full\" src=\"https:\/\/www.gesisa.net\/wp-content\/uploads\/2020\/02\/1969-350px.jpg\" alt=\"IBM\" width=\"350\" height=\"298\" srcset=\"https:\/\/www.gesisa.net\/wp-content\/uploads\/2020\/02\/1969-350px.jpg 350w, https:\/\/www.gesisa.net\/wp-content\/uploads\/2020\/02\/1969-350px-300x255.jpg 300w\" sizes=\"(max-width: 350px) 100vw, 350px\" \/><\/p><p>GESISA neix el 1969 com a Gabinet d&#8217;Estudis i Serveis Inform\u00e0tics, amb l&#8217;objectiu de prestar els serveis de programaci\u00f3 d&#8217;ordinadors que la incipient, llavors, IBM subministrava a les empreses catalanes.<\/p><p>Aquest mateix any el fabricant havia presentat el seu primer ordinador orientat al sector PIME, el Sistema 3, amb el qual pretenia fer arribar els sistemes de proc\u00e9s de dades, que aix\u00ed es denominaven llavors, a aquest sector tan nombr\u00f3s.<\/p><p>La relaci\u00f3 directa amb el principal fabricant del mercat en aquells moments permet a GESISA posicionar-se com un dels principals prove\u00efdors de serveis d&#8217;an\u00e0lisi i programaci\u00f3 d&#8217;ordinadors de mercat, sent un dels art\u00edfexs de la introducci\u00f3 de la inform\u00e0tica en l&#8217;empresa catalana. Destaquen d&#8217;aquells temps la seva implicaci\u00f3 en els projectes d&#8217;implementaci\u00f3 dels sistemes inform\u00e0tics de facturaci\u00f3 i control de producci\u00f3 a OLIMPIC BENITEZ, SA, empresa de el sector t\u00e8xtil de Barcelona i Matar\u00f3, aix\u00ed com, a finals de la d\u00e8cada, la seva implicaci\u00f3 en els projectes de modernitzaci\u00f3 dels processos de gesti\u00f3 i administraci\u00f3 de LABORATORIOS INIBSA i posteriorment, de ACEROS BOIXAREU, SA, empresa de el sector metal\u00b7l\u00fargic de llarga tradici\u00f3 a Catalunya<\/p><\/div>\n\t\t\t\t\t\t\t\t\t\t\t\t\t\t\t\t\t\t\t\t\t\t\t\t\t\t\t\t\t\t\t\t<\/div>\n\t\t\t\t\t\t\t\t\t\t\t\t\t\t\t\t\t\t\t\t\t\t\t<div class=\"uael-timeline-arrow\"><\/div>\n\t\t\t\t\t\t\t\t\t\t\t\t\t\t\t\t\t\t\t\t<\/div>\n\t\t\t\t\t\t\t\t\t\t\t\t\t\t\t\t\t<\/div>\n\t\t\t\t\t\t\t<\/div>\n\t\t\t\t\t\t\t\t\t\t\t\t\t\t\t<div class=\"uael-timeline-date-new\">\n\t\t\t\t\t\t\t\t\t<div class=\"uael-date-new\"><div class=\"inner-date-new\"><div >1969<\/div><\/div>\n\t\t\t\t\t\t\t\t\t<\/div>\n\t\t\t\t\t\t\t\t<\/div>\n\t\t\t\t\t\t\t\t\t\t\t\t\t<\/div>\n\t\t\t\t\t<\/div>\n\t\t\t\t\t\t\t\t\t\t\t\t\t\t\t\t\t<div class=\"elementor-repeater-item-001db6f uael-timeline-field animate-border out-view\">\n\t\t\t\t\t\t<div class=\"uael-timeline-widget uael-timeline-left\">\n\t\t\t\t\t\t\t<div class=\"uael-timeline-marker\">\n\t\t\t\t\t\t\t\t<span class=\"timeline-icon-new out-view-timeline-icon\">\n\t\t\t\t\t\t\t\t\t<i aria-hidden=\"true\" class=\"fa fa-calendar\"><\/i>\t\t\t\t\t\t\t\t<\/span>\n\t\t\t\t\t\t\t<\/div>\n\n\t\t\t\t\t\t\t<div class=\"uael-day-new uael-day-left\">\n\t\t\t\t\t\t\t\t<div class=\"uael-events-new\">\n\t\t\t\t\t\t\t\t\t\t\t\t\t\t\t\t\t\t<div class=\"uael-events-inner-new\">\n\t\t\t\t\t\t\t\t\t\t\t\t\t\t\t\t\t\t\t\t\t<div class=\"uael-timeline-date-hide uael-date-inner\"><div class=\"inner-date-new\"><p >1980<\/p><\/div>\n\t\t\t\t\t\t\t\t\t\t\t<\/div>\n\t\t\t\t\t\t\t\t\t\t\t\t\t\t\t\t\t\t\t\t<div class=\"uael-content\">\n\t\t\t\t\t\t\t\t\t\t\t\t\t\t\t\t\t\t\t\t\t\t\t\t\t\t\t\t\t\t\t\t\t\t\t\t\t\t\t\t\t\t\t\t\t\t\t\t\t\t\t\t\t\t\t\t\t\t\t\t\t\t\t\t\t\t\t<div class=\"uael-timeline-desc-content\"> <h2>GESISA s&#8217;especialitza en el desenvolupament de solucions en entorn IBM S \/ 38<\/h2><p><img decoding=\"async\" class=\"alignnone wp-image-5339 size-full\" src=\"https:\/\/www.gesisa.net\/wp-content\/uploads\/2020\/02\/1980-350px.jpg\" alt=\"Ordinador IBM 3\" width=\"350\" height=\"276\" srcset=\"https:\/\/www.gesisa.net\/wp-content\/uploads\/2020\/02\/1980-350px.jpg 350w, https:\/\/www.gesisa.net\/wp-content\/uploads\/2020\/02\/1980-350px-300x237.jpg 300w\" sizes=\"(max-width: 350px) 100vw, 350px\" \/><\/p><p>A finals dels 70, GESISA s&#8217;especialitza en el desenvolupament de solucions en entorn IBM S\/38 i a principis dels 80, sobretot amb la incorporaci\u00f3 del IBM PC, s&#8217;inicia una etapa de gran creixement, en qu\u00e8 les dues \u00e0rees en les que s&#8217;especialitza, la corresponent als sistemes mitjans d&#8217;IBM, els c\u00e8lebres S\/3X, i la microinform\u00e0tica orientada al desenvolupament d&#8217;aplicacions en entorn PC, creixen en paral\u00b7lel i de forma compassada al creixement del mercat. En aquells moments GESISA arriba a liderar el mercat de les aplicacions de gesti\u00f3 comptable i facturaci\u00f3 per a les petites i mitjanes empreses.<\/p><p>A la fi dels 80, GESISA inicia un proc\u00e9s de transformaci\u00f3 d&#8217;acord amb les tend\u00e8ncies generals de mercat, per incorporar al seu portafoli solucions tecnol\u00f2giques d&#8217;altres fabricants que aportin valor als seus clients. L&#8217;aparici\u00f3 de &#8216;Windows 3.11 de MicroSoft i la presentaci\u00f3 de l&#8217;AS400 per part d&#8217;IBM, obre una nova etapa en l&#8217;arquitectura de sistemes que permet la integraci\u00f3 de tots dos mons, i per aix\u00f2 GESISA complementa les seves solucions amb eines que la faciliten. Aix\u00ed apareix en el seu cat\u00e0leg els sistemes de tractament d&#8217;imatges integrats amb AS400, METAVIEW, i l&#8217;eina d&#8217;integraci\u00f3 de les dades de la BBDD de l&#8217;AS400 amb els fulls de c\u00e0lcul MS Excel, SHOWCASE<\/p><\/div>\n\t\t\t\t\t\t\t\t\t\t\t\t\t\t\t\t\t\t\t\t\t\t\t\t\t\t\t\t\t\t\t\t<\/div>\n\t\t\t\t\t\t\t\t\t\t\t\t\t\t\t\t\t\t\t\t\t\t\t<div class=\"uael-timeline-arrow\"><\/div>\n\t\t\t\t\t\t\t\t\t\t\t\t\t\t\t\t\t\t\t\t<\/div>\n\t\t\t\t\t\t\t\t\t\t\t\t\t\t\t\t\t<\/div>\n\t\t\t\t\t\t\t<\/div>\n\t\t\t\t\t\t\t\t\t\t\t\t\t\t\t<div class=\"uael-timeline-date-new\">\n\t\t\t\t\t\t\t\t\t<div class=\"uael-date-new\"><div class=\"inner-date-new\"><div >1980<\/div><\/div>\n\t\t\t\t\t\t\t\t\t<\/div>\n\t\t\t\t\t\t\t\t<\/div>\n\t\t\t\t\t\t\t\t\t\t\t\t\t<\/div>\n\t\t\t\t\t<\/div>\n\t\t\t\t\t\t\t\t\t\t\t\t\t\t\t\t\t<div class=\"elementor-repeater-item-315c1e5 uael-timeline-field animate-border out-view\">\n\t\t\t\t\t\t<div class=\"uael-timeline-widget uael-timeline-right\">\n\t\t\t\t\t\t\t<div class=\"uael-timeline-marker\">\n\t\t\t\t\t\t\t\t<span class=\"timeline-icon-new out-view-timeline-icon\">\n\t\t\t\t\t\t\t\t\t<i aria-hidden=\"true\" class=\"fa fa-calendar\"><\/i>\t\t\t\t\t\t\t\t<\/span>\n\t\t\t\t\t\t\t<\/div>\n\n\t\t\t\t\t\t\t<div class=\"uael-day-new uael-day-right\">\n\t\t\t\t\t\t\t\t<div class=\"uael-events-new\">\n\t\t\t\t\t\t\t\t\t\t\t\t\t\t\t\t\t\t<div class=\"uael-events-inner-new\">\n\t\t\t\t\t\t\t\t\t\t\t\t\t\t\t\t\t\t\t\t\t<div class=\"uael-timeline-date-hide uael-date-inner\"><div class=\"inner-date-new\"><p >1990<\/p><\/div>\n\t\t\t\t\t\t\t\t\t\t\t<\/div>\n\t\t\t\t\t\t\t\t\t\t\t\t\t\t\t\t\t\t\t\t<div class=\"uael-content\">\n\t\t\t\t\t\t\t\t\t\t\t\t\t\t\t\t\t\t\t\t\t\t\t\t\t\t\t\t\t\t\t\t\t\t\t\t\t\t\t\t\t\t\t\t\t\t\t\t\t\t\t\t\t\t\t\t\t\t\t\t\t\t\t\t\t\t\t<div class=\"uael-timeline-desc-content\"> <h2>GESISA presta serveis GI2 i formalitza un acord amb HP I Microsof<\/h2><p><img decoding=\"async\" class=\"alignnone wp-image-5357 size-full\" src=\"https:\/\/www.gesisa.net\/wp-content\/uploads\/2020\/02\/1990-350px.png\" alt=\"Infograf\u00eda TCP\/IP\" width=\"350\" height=\"340\" srcset=\"https:\/\/www.gesisa.net\/wp-content\/uploads\/2020\/02\/1990-350px.png 350w, https:\/\/www.gesisa.net\/wp-content\/uploads\/2020\/02\/1990-350px-300x291.png 300w\" sizes=\"(max-width: 350px) 100vw, 350px\" \/><\/p><p>Aquesta tend\u00e8ncia es confirma despr\u00e9s dels jocs ol\u00edmpics del 92, amb una profunda transformaci\u00f3 en la qual es complementa l&#8217;oferta de serveis de programaci\u00f3 amb els de disseny, instal\u00b7laci\u00f3 i gesti\u00f3 de les infraestructures inform\u00e0tiques sobre les quals s&#8217;executen les aplicacions. A partir d&#8217;aquest moment l&#8217;oferta de GESISA engloba tots els elements necessaris per poder oferir les millors solucions i per sobre d&#8217;aix\u00f2, que permeti als seus clients utilitzar els sistemes inform\u00e0tics amb el menor cost de propietat possible.<\/p><p>Totes les solucions de GESISA es dissenyen per tal de garantir els m\u00ednims costos d&#8217;operaci\u00f3, i per aix\u00f2 es dota d&#8217;un equip d&#8217;especialistes en la instal\u00b7laci\u00f3, posada en marxa, manteniment i administraci\u00f3 de sistemes, amb els quals es presten els anomenats serveis de GI2 (Gesti\u00f3 Infraestructures Inform\u00e0tiques).<\/p><p>La formalitzaci\u00f3 dels acords de partnership amb Microsoft i HP, mantenint la hist\u00f2rica relaci\u00f3 amb IBM, van fer de GESISA una empresa amb s\u00f2lids suports tecnol\u00f2gics, amb els quals oferir una \u00e0mplia gamma de solucions. La consecuci\u00f3 dels m\u00e9s alts nivells de certificaci\u00f3 en les \u00faltimes tecnologies de virtualitzaci\u00f3, monitoritzaci\u00f3, replicaci\u00f3 i administraci\u00f3 automatitzada amb els l\u00edders de el sector, vmware i Veeam, actualitzaven i completaven l&#8217;oferta de solucions de GESISA.<\/p><\/div>\n\t\t\t\t\t\t\t\t\t\t\t\t\t\t\t\t\t\t\t\t\t\t\t\t\t\t\t\t\t\t\t\t<\/div>\n\t\t\t\t\t\t\t\t\t\t\t\t\t\t\t\t\t\t\t\t\t\t\t<div class=\"uael-timeline-arrow\"><\/div>\n\t\t\t\t\t\t\t\t\t\t\t\t\t\t\t\t\t\t\t\t<\/div>\n\t\t\t\t\t\t\t\t\t\t\t\t\t\t\t\t\t<\/div>\n\t\t\t\t\t\t\t<\/div>\n\t\t\t\t\t\t\t\t\t\t\t\t\t\t\t<div class=\"uael-timeline-date-new\">\n\t\t\t\t\t\t\t\t\t<div class=\"uael-date-new\"><div class=\"inner-date-new\"><div >1990<\/div><\/div>\n\t\t\t\t\t\t\t\t\t<\/div>\n\t\t\t\t\t\t\t\t<\/div>\n\t\t\t\t\t\t\t\t\t\t\t\t\t<\/div>\n\t\t\t\t\t<\/div>\n\t\t\t\t\t\t\t\t\t\t\t\t\t\t\t\t\t<div class=\"elementor-repeater-item-15f2754 uael-timeline-field animate-border out-view\">\n\t\t\t\t\t\t<div class=\"uael-timeline-widget uael-timeline-left\">\n\t\t\t\t\t\t\t<div class=\"uael-timeline-marker\">\n\t\t\t\t\t\t\t\t<span class=\"timeline-icon-new out-view-timeline-icon\">\n\t\t\t\t\t\t\t\t\t<i aria-hidden=\"true\" class=\"fa fa-calendar\"><\/i>\t\t\t\t\t\t\t\t<\/span>\n\t\t\t\t\t\t\t<\/div>\n\n\t\t\t\t\t\t\t<div class=\"uael-day-new uael-day-left\">\n\t\t\t\t\t\t\t\t<div class=\"uael-events-new\">\n\t\t\t\t\t\t\t\t\t\t\t\t\t\t\t\t\t\t<div class=\"uael-events-inner-new\">\n\t\t\t\t\t\t\t\t\t\t\t\t\t\t\t\t\t\t\t\t\t<div class=\"uael-timeline-date-hide uael-date-inner\"><div class=\"inner-date-new\"><p >2000<\/p><\/div>\n\t\t\t\t\t\t\t\t\t\t\t<\/div>\n\t\t\t\t\t\t\t\t\t\t\t\t\t\t\t\t\t\t\t\t<div class=\"uael-content\">\n\t\t\t\t\t\t\t\t\t\t\t\t\t\t\t\t\t\t\t\t\t\t\t\t\t\t\t\t\t\t\t\t\t\t\t\t\t\t\t\t\t\t\t\t\t\t\t\t\t\t\t\t\t\t\t\t\t\t\t\t\t\t\t\t\t\t\t<div class=\"uael-timeline-desc-content\"> <h2>GESISA s&#8217;especialitza en el desenvolupament d&#8217;aplicacions col\u00b7laterals a ERP i CRM&#8217;s<\/h2><p><img loading=\"lazy\" decoding=\"async\" class=\"alignnone wp-image-5361 size-full\" src=\"https:\/\/www.gesisa.net\/wp-content\/uploads\/2020\/02\/2000-350px.jpg\" alt=\" Blackberry\" width=\"350\" height=\"449\" srcset=\"https:\/\/www.gesisa.net\/wp-content\/uploads\/2020\/02\/2000-350px.jpg 350w, https:\/\/www.gesisa.net\/wp-content\/uploads\/2020\/02\/2000-350px-234x300.jpg 234w\" sizes=\"(max-width: 350px) 100vw, 350px\" \/><\/p><p>Despr\u00e9s de la profunda transformaci\u00f3 que es realitza en les empreses fruit de l&#8217;anomenat efecte 2000, l&#8217;aparici\u00f3 d&#8217;internet i l&#8217;estructuraci\u00f3 de les xarxes locals en l&#8217;empresa, s&#8217;arriba a aquell somni expressat per Bill Gates al 1980 d&#8217;un ordinador a cada taula de treball. GESISA s&#8217;estructura per oferir els serveis de gesti\u00f3 d&#8217;aquestes infraestructures i desenvolupa la metodologia ITIL amb la qual implementa els innovadors serveis de Gesti\u00f3 d\u2019Infraestructures Inform\u00e0tiques (GI2), que es basen en l&#8217;\u00fas intensiu dels serveis de directori actiu i la gesti\u00f3 de les pol\u00edtiques de l&#8217;innovador Windows 2000 Server.<\/p><p>La implementaci\u00f3 en els nostres clients dels ERPs de SAP, MOVEX, BAAN, PG \/ 400, AXAPTA, &#8230; ens permet especialitzar el nostre equip en el desenvolupament i implementaci\u00f3 d&#8217;aplicacions col\u00b7laterals a aquests. Des d\u2019aplicacions de gesti\u00f3 comercial, CRM, eines de gesti\u00f3 de la producci\u00f3, eines de gesti\u00f3 de la cadena de subministrament, fins a  SCM, amb les que es complementen les funcionalitats d&#8217;aquells amb solucions espec\u00edfiques i a mida de les necessitats dels nostres clients.<\/p><p>Noves funcionalitats s\u00f3n requerides pels nostres clients, Output Management, Data Analysis, Business Intelligence, Web app, Mobile app., Que requereixen de nous sistemes, noves eines i nous partners<\/p><\/div>\n\t\t\t\t\t\t\t\t\t\t\t\t\t\t\t\t\t\t\t\t\t\t\t\t\t\t\t\t\t\t\t\t<\/div>\n\t\t\t\t\t\t\t\t\t\t\t\t\t\t\t\t\t\t\t\t\t\t\t<div class=\"uael-timeline-arrow\"><\/div>\n\t\t\t\t\t\t\t\t\t\t\t\t\t\t\t\t\t\t\t\t<\/div>\n\t\t\t\t\t\t\t\t\t\t\t\t\t\t\t\t\t<\/div>\n\t\t\t\t\t\t\t<\/div>\n\t\t\t\t\t\t\t\t\t\t\t\t\t\t\t<div class=\"uael-timeline-date-new\">\n\t\t\t\t\t\t\t\t\t<div class=\"uael-date-new\"><div class=\"inner-date-new\"><div >2000<\/div><\/div>\n\t\t\t\t\t\t\t\t\t<\/div>\n\t\t\t\t\t\t\t\t<\/div>\n\t\t\t\t\t\t\t\t\t\t\t\t\t<\/div>\n\t\t\t\t\t<\/div>\n\t\t\t\t\t\t\t\t\t\t\t\t\t\t\t\t\t<div class=\"elementor-repeater-item-790f002 uael-timeline-field animate-border out-view\">\n\t\t\t\t\t\t<div class=\"uael-timeline-widget uael-timeline-right\">\n\t\t\t\t\t\t\t<div class=\"uael-timeline-marker\">\n\t\t\t\t\t\t\t\t<span class=\"timeline-icon-new out-view-timeline-icon\">\n\t\t\t\t\t\t\t\t\t<i aria-hidden=\"true\" class=\"fa fa-calendar\"><\/i>\t\t\t\t\t\t\t\t<\/span>\n\t\t\t\t\t\t\t<\/div>\n\n\t\t\t\t\t\t\t<div class=\"uael-day-new uael-day-right\">\n\t\t\t\t\t\t\t\t<div class=\"uael-events-new\">\n\t\t\t\t\t\t\t\t\t\t\t\t\t\t\t\t\t\t<div class=\"uael-events-inner-new\">\n\t\t\t\t\t\t\t\t\t\t\t\t\t\t\t\t\t\t\t\t\t<div class=\"uael-timeline-date-hide uael-date-inner\"><div class=\"inner-date-new\"><p >2010<\/p><\/div>\n\t\t\t\t\t\t\t\t\t\t\t<\/div>\n\t\t\t\t\t\t\t\t\t\t\t\t\t\t\t\t\t\t\t\t<div class=\"uael-content\">\n\t\t\t\t\t\t\t\t\t\t\t\t\t\t\t\t\t\t\t\t\t\t\t\t\t\t\t\t\t\t\t\t\t\t\t\t\t\t\t\t\t\t\t\t\t\t\t\t\t\t\t\t\t\t\t\t\t\t\t\t\t\t\t\t\t\t\t<div class=\"uael-timeline-desc-content\"> <h2>GESISA ofereix serveis Cloud i llan\u00e7a les primeres plataformes digitals<\/h2><p><img loading=\"lazy\" decoding=\"async\" class=\"alignnone wp-image-5365 size-full\" src=\"https:\/\/www.gesisa.net\/wp-content\/uploads\/2020\/02\/2010-350px.jpg\" alt=\"PuenteSII - Puente SILICIE\" width=\"350\" height=\"388\" srcset=\"https:\/\/www.gesisa.net\/wp-content\/uploads\/2020\/02\/2010-350px.jpg 350w, https:\/\/www.gesisa.net\/wp-content\/uploads\/2020\/02\/2010-350px-271x300.jpg 271w\" sizes=\"(max-width: 350px) 100vw, 350px\" \/><\/p><p>Vam aconseguir sobreviure amb \u00e8xit la crisi i vam ajudar tamb\u00e9 als nostres clients a superar-la, automatitzant processos, reduint costos i ajudant-los a transformar-se en empreses m\u00e9s competitives. Amb la implementaci\u00f3 dels serveis cloud, els nostres clients van aconseguir optimitzar costos i iniciar els processos de la tan anhelada transformaci\u00f3 digital.<\/p><p>A partir del 2017 vam signar una col\u00b7laboraci\u00f3 amb l&#8217;Ag\u00e8ncia Tribut\u00e0ria Espanyola (AEAT), i les ag\u00e8ncies tribut\u00e0ries de Navarra, Pa\u00eds Basc i Can\u00e0ries, amb el que vam iniciar la prestaci\u00f3 de serveis inform\u00e0tics d&#8217;enviament de dades a aquestes ag\u00e8ncies en representaci\u00f3 dels nostres clients, aix\u00ed implementant les plataforma PuenteSII i PuenteSilicie.<\/p><\/div>\n\t\t\t\t\t\t\t\t\t\t\t\t\t\t\t\t\t\t\t\t\t\t\t\t\t\t\t\t\t\t\t\t<\/div>\n\t\t\t\t\t\t\t\t\t\t\t\t\t\t\t\t\t\t\t\t\t\t\t<div class=\"uael-timeline-arrow\"><\/div>\n\t\t\t\t\t\t\t\t\t\t\t\t\t\t\t\t\t\t\t\t<\/div>\n\t\t\t\t\t\t\t\t\t\t\t\t\t\t\t\t\t<\/div>\n\t\t\t\t\t\t\t<\/div>\n\t\t\t\t\t\t\t\t\t\t\t\t\t\t\t<div class=\"uael-timeline-date-new\">\n\t\t\t\t\t\t\t\t\t<div class=\"uael-date-new\"><div class=\"inner-date-new\"><div >2010<\/div><\/div>\n\t\t\t\t\t\t\t\t\t<\/div>\n\t\t\t\t\t\t\t\t<\/div>\n\t\t\t\t\t\t\t\t\t\t\t\t\t<\/div>\n\t\t\t\t\t<\/div>\n\t\t\t\t\t\t\t\t\t\t\t\t\t\t\t\t\t<div class=\"elementor-repeater-item-0c307f6 uael-timeline-field animate-border out-view\">\n\t\t\t\t\t\t<div class=\"uael-timeline-widget uael-timeline-left\">\n\t\t\t\t\t\t\t<div class=\"uael-timeline-marker\">\n\t\t\t\t\t\t\t\t<span class=\"timeline-icon-new out-view-timeline-icon\">\n\t\t\t\t\t\t\t\t\t<i aria-hidden=\"true\" class=\"fa fa-calendar\"><\/i>\t\t\t\t\t\t\t\t<\/span>\n\t\t\t\t\t\t\t<\/div>\n\n\t\t\t\t\t\t\t<div class=\"uael-day-new uael-day-left\">\n\t\t\t\t\t\t\t\t<div class=\"uael-events-new\">\n\t\t\t\t\t\t\t\t\t\t\t\t\t\t\t\t\t\t<div class=\"uael-events-inner-new\">\n\t\t\t\t\t\t\t\t\t\t\t\t\t\t\t\t\t\t\t\t\t<div class=\"uael-timeline-date-hide uael-date-inner\"><div class=\"inner-date-new\"><p >2020<\/p><\/div>\n\t\t\t\t\t\t\t\t\t\t\t<\/div>\n\t\t\t\t\t\t\t\t\t\t\t\t\t\t\t\t\t\t\t\t<div class=\"uael-content\">\n\t\t\t\t\t\t\t\t\t\t\t\t\t\t\t\t\t\t\t\t\t\t\t\t\t\t\t\t\t\t\t\t\t\t\t\t\t\t\t\t\t\t\t\t\t\t\t\t\t\t\t\t\t\t\t\t\t\t\t\t\t\t\t\t\t\t\t<div class=\"uael-timeline-desc-content\"> <h2>Preparats per la nova d\u00e8cada<\/h2><p><img loading=\"lazy\" decoding=\"async\" class=\"alignnone size-full wp-image-7108\" src=\"https:\/\/www.gesisa.net\/wp-content\/uploads\/2020\/02\/gesisa-50anys-innovant-mobil.png\" alt=\"Desenvolupament de software a mida per a empreses - GESISA\" width=\"600\" height=\"554\" \/><\/p><p>Amb orgull celebrem les primeres passes dels nostres pr\u00f2xims 50 anys d&#8217;hist\u00f2ria.<\/p><\/div>\n\t\t\t\t\t\t\t\t\t\t\t\t\t\t\t\t\t\t\t\t\t\t\t\t\t\t\t\t\t\t\t\t<\/div>\n\t\t\t\t\t\t\t\t\t\t\t\t\t\t\t\t\t\t\t\t\t\t\t<div class=\"uael-timeline-arrow\"><\/div>\n\t\t\t\t\t\t\t\t\t\t\t\t\t\t\t\t\t\t\t\t<\/div>\n\t\t\t\t\t\t\t\t\t\t\t\t\t\t\t\t\t<\/div>\n\t\t\t\t\t\t\t<\/div>\n\t\t\t\t\t\t\t\t\t\t\t\t\t\t\t<div class=\"uael-timeline-date-new\">\n\t\t\t\t\t\t\t\t\t<div class=\"uael-date-new\"><div class=\"inner-date-new\"><div >2020<\/div><\/div>\n\t\t\t\t\t\t\t\t\t<\/div>\n\t\t\t\t\t\t\t\t<\/div>\n\t\t\t\t\t\t\t\t\t\t\t\t\t<\/div>\n\t\t\t\t\t<\/div>\n\t\t\t\t\t\t\t\t\t\t<\/div>\n\t\t<div class=\"uael-timeline__line\">\n\t\t\t<div class=\"uael-timeline__line__inner\"><\/div>\n\t\t<\/div>\n\t<\/div>\n<\/div>\n\n\t\t\t\t<\/div>\n\t\t\t\t<\/div>\n\t\t\t\t\t<\/div>\n\t\t<\/div>\n\t\t\t\t\t<\/div>\n\t\t<\/main>\n\t\t\t\t<\/div>\n\t\t","protected":false},"excerpt":{"rendered":"<p>La Nostra Historia Home 1969 Neix GESISA GESISA neix el 1969 com a Gabinet d&#8217;Estudis i Serveis Inform\u00e0tics, amb l&#8217;objectiu de prestar els serveis de programaci\u00f3 d&#8217;ordinadors que la incipient, llavors, IBM subministrava a les empreses catalanes. Aquest mateix any el fabricant havia presentat el seu primer ordinador orientat al sector PIME, el Sistema 3, [&hellip;]<\/p>\n","protected":false},"author":4,"featured_media":0,"parent":0,"menu_order":3,"comment_status":"closed","ping_status":"closed","template":"","meta":{"site-sidebar-layout":"no-sidebar","site-content-layout":"page-builder","ast-site-content-layout":"default","site-content-style":"default","site-sidebar-style":"default","ast-global-header-display":"","ast-banner-title-visibility":"","ast-main-header-display":"","ast-hfb-above-header-display":"","ast-hfb-below-header-display":"","ast-hfb-mobile-header-display":"","site-post-title":"disabled","ast-breadcrumbs-content":"","ast-featured-img":"disabled","footer-sml-layout":"","theme-transparent-header-meta":"enabled","adv-header-id-meta":"","stick-header-meta":"default","header-above-stick-meta":"","header-main-stick-meta":"","header-below-stick-meta":"","astra-migrate-meta-layouts":"default","ast-page-background-enabled":"default","ast-page-background-meta":{"desktop":{"background-color":"","background-image":"","background-repeat":"repeat","background-position":"center center","background-size":"auto","background-attachment":"scroll","background-type":"","background-media":"","overlay-type":"","overlay-color":"","overlay-opacity":"","overlay-gradient":""},"tablet":{"background-color":"","background-image":"","background-repeat":"repeat","background-position":"center center","background-size":"auto","background-attachment":"scroll","background-type":"","background-media":"","overlay-type":"","overlay-color":"","overlay-opacity":"","overlay-gradient":""},"mobile":{"background-color":"","background-image":"","background-repeat":"repeat","background-position":"center center","background-size":"auto","background-attachment":"scroll","background-type":"","background-media":"","overlay-type":"","overlay-color":"","overlay-opacity":"","overlay-gradient":""}},"ast-content-background-meta":{"desktop":{"background-color":"var(--ast-global-color-5)","background-image":"","background-repeat":"repeat","background-position":"center center","background-size":"auto","background-attachment":"scroll","background-type":"","background-media":"","overlay-type":"","overlay-color":"","overlay-opacity":"","overlay-gradient":""},"tablet":{"background-color":"var(--ast-global-color-5)","background-image":"","background-repeat":"repeat","background-position":"center center","background-size":"auto","background-attachment":"scroll","background-type":"","background-media":"","overlay-type":"","overlay-color":"","overlay-opacity":"","overlay-gradient":""},"mobile":{"background-color":"var(--ast-global-color-5)","background-image":"","background-repeat":"repeat","background-position":"center center","background-size":"auto","background-attachment":"scroll","background-type":"","background-media":"","overlay-type":"","overlay-color":"","overlay-opacity":"","overlay-gradient":""}},"footnotes":""},"class_list":["post-7409","page","type-page","status-publish","hentry"],"_links":{"self":[{"href":"https:\/\/www.gesisa.net\/ca\/wp-json\/wp\/v2\/pages\/7409","targetHints":{"allow":["GET"]}}],"collection":[{"href":"https:\/\/www.gesisa.net\/ca\/wp-json\/wp\/v2\/pages"}],"about":[{"href":"https:\/\/www.gesisa.net\/ca\/wp-json\/wp\/v2\/types\/page"}],"author":[{"embeddable":true,"href":"https:\/\/www.gesisa.net\/ca\/wp-json\/wp\/v2\/users\/4"}],"replies":[{"embeddable":true,"href":"https:\/\/www.gesisa.net\/ca\/wp-json\/wp\/v2\/comments?post=7409"}],"version-history":[{"count":0,"href":"https:\/\/www.gesisa.net\/ca\/wp-json\/wp\/v2\/pages\/7409\/revisions"}],"wp:attachment":[{"href":"https:\/\/www.gesisa.net\/ca\/wp-json\/wp\/v2\/media?parent=7409"}],"curies":[{"name":"wp","href":"https:\/\/api.w.org\/{rel}","templated":true}]}}